{"id":492,"date":"2022-07-11T13:16:37","date_gmt":"2022-07-11T13:16:37","guid":{"rendered":"https:\/\/criptokapital.com\/?page_id=492"},"modified":"2022-07-11T13:24:47","modified_gmt":"2022-07-11T13:24:47","slug":"aviso-legal","status":"publish","type":"page","link":"https:\/\/criptokapital.com\/en\/aviso-legal\/","title":{"rendered":"Legal Notice"},"content":{"rendered":"<div data-elementor-type=\"wp-page\" data-elementor-id=\"492\" class=\"elementor elementor-492\">\n\t\t\t\t\t\t\t\t\t<section class=\"elementor-section elementor-top-section elementor-element elementor-element-f370b32 elementor-section-boxed elementor-section-height-default elementor-section-height-default\" data-id=\"f370b32\" data-element_type=\"section\" data-settings=\"{&quot;jet_parallax_layout_list&quot;:[]}\">\n\t\t\t\t\t\t<div class=\"elementor-container elementor-column-gap-default\">\n\t\t\t\t\t<div class=\"elementor-column elementor-col-100 elementor-top-column elementor-element elementor-element-8ec6fcd\" data-id=\"8ec6fcd\" data-element_type=\"column\">\n\t\t\t<div class=\"elementor-widget-wrap elementor-element-populated\">\n\t\t\t\t\t\t\t\t<div class=\"elementor-element elementor-element-7575761 elementor-widget elementor-widget-text-editor\" data-id=\"7575761\" data-element_type=\"widget\" data-widget_type=\"text-editor.default\">\n\t\t\t\t<div class=\"elementor-widget-container\">\n\t\t\t<style>\/*! elementor - v3.15.0 - 20-08-2023 *\/\n.elementor-widget-text-editor.elementor-drop-cap-view-stacked .elementor-drop-cap{background-color:#69727d;color:#fff}.elementor-widget-text-editor.elementor-drop-cap-view-framed .elementor-drop-cap{color:#69727d;border:3px solid;background-color:transparent}.elementor-widget-text-editor:not(.elementor-drop-cap-view-default) .elementor-drop-cap{margin-top:8px}.elementor-widget-text-editor:not(.elementor-drop-cap-view-default) .elementor-drop-cap-letter{width:1em;height:1em}.elementor-widget-text-editor .elementor-drop-cap{float:left;text-align:center;line-height:1;font-size:50px}.elementor-widget-text-editor .elementor-drop-cap-letter{display:inline-block}<\/style>\t\t\t\t<header class=\"text-center\"><header class=\"text-center\"><h2 class=\"m-auto\">LEGAL NOTICE AND GENERAL CONDITIONS OF USE<\/h2><h4><span class=\"blanc-space ng-binding\">https:\/\/criptokapital.com\/<\/span><\/h4><\/header><div><h3>I. GENERAL INFORMATION<\/h3><p>In compliance with the duty of information provided in Law 34\/2002 on Services of the Information Society and Electronic Commerce (LSSI-CE) of July 11, the following general information on this website is provided below. :<\/p><p class=\"\">The ownership of this website,\u00a0<span class=\"blanc-space ng-binding\">https:\/\/criptokapital.com\/<\/span>, (hereinafter, Website) is held by: , provided with NIF:\u00a0<span class=\"blanc-space ng-binding\">D-666666666<\/span>\u00a0and registered in:\u00a0<span class=\"blanc-space ng-binding\">Commercial Registry of<\/span>\u00a0with the following registration data: , whose representative is:\u00a0<span class=\"blanc-space ng-binding\">CRYPTO KAPITAL SL<\/span>, and whose contact details are:<\/p><p>Direction:<\/p><p>Telephone contact:\u00a0<span class=\"blanc-space ng-binding\">666 666 666<\/span><\/p><p>Contact email:\u00a0<span class=\"blanc-space ng-binding\">info@criptokapital.com<\/span><\/p><h3>II. GENERAL TERMS AND CONDITIONS OF USE<\/h3><h4>The object of the conditions: The Website<\/h4><p>The purpose of these General Conditions of Use (hereinafter, Conditions) is to regulate the access and use of the Website. For the purposes of these Conditions, a Website shall be understood as: the external appearance of the screen interfaces, both statically and dynamically, that is, the navigation tree; and all the elements integrated both in the screen interfaces and in the navigation tree (hereinafter, Contents) and all those online services or resources that it offers to Users (hereinafter, Services).<\/p><p><span class=\"blanc-space ng-binding\">CriptoKapital<\/span>\u00a0reserves the right to modify, at any time, and without prior notice, the presentation and configuration of the Website and the Contents and Services that may be incorporated into it. The User acknowledges and accepts that at any time\u00a0<span class=\"blanc-space ng-binding\">CriptoKapital<\/span>\u00a0may interrupt, deactivate and\/or cancel any of these elements that are integrated into the Website or access to them.<\/p><p class=\"\">Access to the Website by the User is free and, as a general rule, it is free without the User having to provide a consideration to be able to enjoy it, except in relation to the cost of connection through the telecommunications network provided. by the access provider that the User has contracted.<\/p><p class=\"\">The use of any of the Contents or Services of the Website may be done by prior subscription or registration of the User.<\/p><h4>The user<\/h4><p>The access, navigation and use of the Website,\u00a0<span class=\"\">as well as for the spaces enabled to interact between the Users, and the User and\u00a0<span class=\"blanc-space ng-binding\">CriptoKapital<\/span>, such as comments and\/or blogging spaces,<\/span>\u00a0confers the condition of User, for which reason all the Conditions established herein, as well as their subsequent modifications, are accepted from the moment browsing the Website begins, without prejudice to the application of the corresponding legal regulations of obligatory compliance according to the case. Given the relevance of the foregoing, the User is recommended to read them each time they visit the Website.<\/p><p>The website of\u00a0<span class=\"blanc-space ng-binding\">CriptoKapital<\/span>\u00a0provides a wide variety of information, services and data. The User assumes his responsibility to make correct use of the Website. This responsibility will extend to:<\/p><ul><li>A use of the information, Contents and\/or Services and data offered by\u00a0<span class=\"blanc-space ng-binding\">CriptoKapital<\/span>\u00a0without it being contrary to the provisions of these Conditions, the Law, morality or public order, or that in any other way may imply an injury to the rights of third parties or the operation of the Website itself.<\/li><li>The veracity and legality of the information provided by the User in the forms issued by\u00a0<span class=\"blanc-space ng-binding\">CriptoKapital<\/span>\u00a0for access to certain Content or Services offered by the Website. In any case, the User will immediately notify\u00a0<span class=\"blanc-space ng-binding\">CriptoKapital<\/span>\u00a0about any fact that allows the improper use of the information registered in said forms, such as, but not limited to, theft, loss, or unauthorized access to identifiers and\/or passwords, in order to proceed to their immediate cancellation .<\/li><\/ul><p class=\"\">In any case,\u00a0<span class=\"blanc-space ng-binding\">CriptoKapital<\/span>\u00a0will not be responsible for the opinions expressed by Users through comments or other blogging or participation tools that may exist.<\/p><p>Mere access to this Website does not imply any type of commercial relationship between\u00a0<span class=\"blanc-space ng-binding\">CriptoKapital<\/span>\u00a0and the User.<\/p><p class=\"\">The User declares to be of legal age and have sufficient legal capacity to be bound by these Conditions. Therefore, this Website\u00a0<span class=\"blanc-space ng-binding\">CriptoKapital<\/span>\u00a0no se dirige a menores de edad.\u00a0<span class=\"blanc-space ng-binding\">CriptoKapital<\/span>\u00a0declines any responsibility for failure to comply with this requirement.<\/p><h3>III. ACCESS AND NAVIGATION ON THE WEBSITE: EXCLUSION OF GUARANTEES AND LIABILITY<\/h3><p><span class=\"blanc-space ng-binding\">CriptoKapital<\/span>\u00a0does not guarantee the continuity, availability and usefulness of the Website, nor of the Contents or Services.\u00a0<span class=\"blanc-space ng-binding\">CriptoKapital<\/span>\u00a0will do everything possible for the proper functioning of the Website, however, it is not responsible or guarantees that access to this Website will not be uninterrupted or error-free.<\/p><p>Nor is it responsible for or guarantees that the content or software that can be accessed through this Website is error-free or causes damage to the User's computer system (software and hardware). In no case\u00a0<span class=\"blanc-space ng-binding\">CriptoKapital<\/span>\u00a0will be responsible for losses, damages or losses of any kind that arise from accessing, browsing and using the Website, including, but not limited to, those caused to computer systems or those caused by the introduction of viruses.<\/p><p><span class=\"blanc-space ng-binding\">CriptoKapital<\/span>\u00a0nor is it responsible for any damages that may be caused to users due to improper use of this Website. In particular, it is not responsible in any way for the falls, interruptions, lack or defect of telecommunications that may occur.<\/p><h3>IV. LINK POLICY<\/h3><p class=\"\">It is reported that the Website of\u00a0<span class=\"blanc-space ng-binding\">CriptoKapital<\/span>\u00a0makes or may make available to Users link means (such as, among others, links, banners, buttons), directories and search engines that allow Users to access websites belonging to and\/or managed by third parties.<\/p><p class=\"\">The purpose of installing these links, directories and search engines on the Website is to make it easier for Users to search for and access the information available on the Internet, without it being considered a suggestion, recommendation or invitation to visit them.<\/p><p><span class=\"blanc-space ng-binding\">CriptoKapital<\/span>\u00a0does not offer or market by itself or through third parties the products and\/or services available on said linked sites.<\/p><p class=\"\"><span class=\"blanc-space ng-binding\">CriptoKapital<\/span>\u00a0ofrece contenidos patrocinados, anuncios y\/o enlaces de afiliados. La informaci\u00f3n que aparece en estos enlaces de afiliados o los anuncios insertados, son facilitados por los propios anunciantes, por lo que\u00a0<span class=\"blanc-space ng-binding\">CriptoKapital<\/span>\u00a0no se hace responsable de posibles inexactitudes o errores que pudieran contener los anuncios, ni garantiza en modo alguno la experiencia, integridad o responsabilidad de los anunciantes o la calidad de sus productos y\/o servicios.<\/p><p class=\"\">Likewise, it will not guarantee the technical availability, accuracy, veracity, validity or legality of sites outside its property that can be accessed through the links.<\/p><p class=\"\"><span class=\"blanc-space ng-binding\">CriptoKapital<\/span>\u00a0In no case will it review or control the content of other websites, nor will it approve, examine or endorse the products and services, content, files and any other material existing on the aforementioned linked sites.<\/p><p class=\"\"><span class=\"blanc-space ng-binding\">CriptoKapital<\/span>\u00a0does not assume any responsibility for damages that may be caused by the access, use, quality or legality of the contents, communications, opinions, products and services of websites not managed by\u00a0<span class=\"blanc-space ng-binding\">CriptoKapital<\/span>\u00a0y que sean enlazados en este Sitio Web.<\/p><p>The User or third party who makes a hyperlink from a web page of another, different, website to the Website of\u00a0<span class=\"blanc-space ng-binding\">CriptoKapital<\/span>\u00a0deber\u00e1 saber que:<\/p><p>The reproduction - totally or partially - of any of the Contents and\/or Services of the Website is not allowed without the express authorization of\u00a0<span class=\"blanc-space ng-binding\">CriptoKapital<\/span>.<\/p><p>Neither is any false, inaccurate or incorrect statement allowed on the Website of\u00a0<span class=\"blanc-space ng-binding\">CriptoKapital<\/span>, ni sobre los Contenidos y\/o Servicios del mismo.<\/p><p>With the exception of the hyperlink, the website in which said hyperlink is established will not contain any element of this Website, protected as intellectual property by the Spanish legal system, unless expressly authorized by\u00a0<span class=\"blanc-space ng-binding\">CriptoKapital<\/span>.<\/p><p>The establishment of the hyperlink will not imply the existence of relations between\u00a0<span class=\"blanc-space ng-binding\">CriptoKapital<\/span>\u00a0and the owner of the website from which it is carried out, nor the knowledge and acceptance of\u00a0<span class=\"blanc-space ng-binding\">CriptoKapital<\/span>\u00a0of the contents, services and\/or activities offered on said website, and vice versa.<\/p><h3>V. INTELLECTUAL AND INDUSTRIAL PROPERTY<\/h3><p><span class=\"blanc-space ng-binding\">CriptoKapital<\/span>\u00a0by itself or as an assignee, is the owner of all the intellectual and industrial property rights of the Website, as well as the elements contained therein (by way of example and not exhaustive, images, sound, audio, video, software or texts , brands or logos, color combinations, structure and design, selection of materials used, computer programs necessary for its operation, access and use, etc.). They will, therefore, be works protected as intellectual property by the Spanish legal system, both Spanish and Community regulations in this field being applicable, as well as international treaties relating to the matter and signed by Spain.<\/p><p>Todos los derechos reservados. En virtud de lo dispuesto en la Ley de Propiedad Intelectual, quedan expresamente prohibidas la reproducci\u00f3n, la distribuci\u00f3n y la comunicaci\u00f3n p\u00fablica, incluida su modalidad de puesta a disposici\u00f3n, de la totalidad o parte de los contenidos de esta p\u00e1gina web, con fines comerciales, en cualquier soporte y por cualquier medio t\u00e9cnico, sin la autorizaci\u00f3n de\u00a0<span class=\"blanc-space ng-binding\">CriptoKapital<\/span>.<\/p><p>The User undertakes to respect the intellectual and industrial property rights of\u00a0<span class=\"blanc-space ng-binding\">CriptoKapital<\/span>. You can view the elements of the Website or even print, copy and store them on your computer's hard drive or on any other physical medium, provided it is exclusively for your personal use. The User, however, may not delete, alter, or manipulate any protection device or security system that was installed on the Website.<\/p><p>In the event that the User or third party considers that any of the Contents of the Website constitutes a violation of the rights of protection of intellectual property, they must immediately notify\u00a0<span class=\"blanc-space ng-binding\">CriptoKapital<\/span>\u00a0through the contact information in the GENERAL INFORMATION section of this Legal Notice and General Conditions of Use.<\/p><h3>SAW. LEGAL ACTIONS, APPLICABLE LAW AND JURISDICTION<\/h3><p><span class=\"blanc-space ng-binding\">CriptoKapital<\/span>\u00a0reserves the right to present the civil or criminal actions that it deems necessary for the improper use of the Website and Contents, or for the breach of these Conditions.<\/p><p>The relationship between the User and\u00a0<span class=\"blanc-space ng-binding\">CriptoKapital<\/span>\u00a0It will be governed by current regulations and applicable in Spanish territory. Should any controversy arise in relation to the interpretation and\/or application of these Conditions, the parties will submit their conflicts to the ordinary jurisdiction, submitting to the corresponding judges and courts according to law.<\/p><p>This document of Legal Notice and General Conditions of use of the website has been created using the generator of\u00a0<a class=\"text-body\" href=\"https:\/\/legales.zimrre.com\/\" target=\"_blank\" rel=\"noopener\">plantilla de aviso legal y condiciones de uso<\/a>\u00a0online el d\u00eda 16\/07\/2021.<\/p><\/div><\/header>\t\t\t\t\t\t<\/div>\n\t\t\t\t<\/div>\n\t\t\t\t\t<\/div>\n\t\t<\/div>\n\t\t\t\t\t\t\t<\/div>\n\t\t<\/section>\n\t\t\t\t\t\t\t<\/div>","protected":false},"excerpt":{"rendered":"<p>AVISO LEGAL Y CONDICIONES GENERALES DE USO https:\/\/criptokapital.com\/ I. INFORMACI\u00d3N GENERAL En cumplimiento con el deber de informaci\u00f3n dispuesto en la Ley 34\/2002 de Servicios de la Sociedad de la Informaci\u00f3n y el Comercio Electr\u00f3nico (LSSI-CE) de 11 de julio, se facilitan a continuaci\u00f3n los siguientes datos de informaci\u00f3n general de este sitio web: La [&hellip;]<\/p>","protected":false},"author":1,"featured_media":0,"parent":0,"menu_order":0,"comment_status":"closed","ping_status":"closed","template":"elementor_header_footer","meta":{"footnotes":""},"class_list":["post-492","page","type-page","status-publish","hentry"],"_links":{"self":[{"href":"https:\/\/criptokapital.com\/en\/wp-json\/wp\/v2\/pages\/492","targetHints":{"allow":["GET"]}}],"collection":[{"href":"https:\/\/criptokapital.com\/en\/wp-json\/wp\/v2\/pages"}],"about":[{"href":"https:\/\/criptokapital.com\/en\/wp-json\/wp\/v2\/types\/page"}],"author":[{"embeddable":true,"href":"https:\/\/criptokapital.com\/en\/wp-json\/wp\/v2\/users\/1"}],"replies":[{"embeddable":true,"href":"https:\/\/criptokapital.com\/en\/wp-json\/wp\/v2\/comments?post=492"}],"version-history":[{"count":7,"href":"https:\/\/criptokapital.com\/en\/wp-json\/wp\/v2\/pages\/492\/revisions"}],"predecessor-version":[{"id":509,"href":"https:\/\/criptokapital.com\/en\/wp-json\/wp\/v2\/pages\/492\/revisions\/509"}],"wp:attachment":[{"href":"https:\/\/criptokapital.com\/en\/wp-json\/wp\/v2\/media?parent=492"}],"curies":[{"name":"wp","href":"https:\/\/api.w.org\/{rel}","templated":true}]}}