{"id":299,"date":"2022-07-05T06:50:11","date_gmt":"2022-07-05T06:50:11","guid":{"rendered":"https:\/\/criptokapital.com\/?page_id=299"},"modified":"2022-07-14T07:23:00","modified_gmt":"2022-07-14T07:23:00","slug":"estrategia-de-inversion","status":"publish","type":"page","link":"https:\/\/criptokapital.com\/en\/estrategia-de-inversion\/","title":{"rendered":"Investment strategy"},"content":{"rendered":"<div data-elementor-type=\"wp-page\" data-elementor-id=\"299\" class=\"elementor elementor-299\">\n\t\t\t\t\t\t\t\t\t<section class=\"elementor-section elementor-top-section elementor-element elementor-element-0806bab elementor-section-boxed elementor-section-height-default elementor-section-height-default\" data-id=\"0806bab\" data-element_type=\"section\" data-settings=\"{&quot;jet_parallax_layout_list&quot;:[]}\">\n\t\t\t\t\t\t<div class=\"elementor-container elementor-column-gap-default\">\n\t\t\t\t\t<div class=\"elementor-column elementor-col-100 elementor-top-column elementor-element elementor-element-9c73e9f\" data-id=\"9c73e9f\" data-element_type=\"column\">\n\t\t\t<div class=\"elementor-widget-wrap elementor-element-populated\">\n\t\t\t\t\t\t\t\t<div class=\"elementor-element elementor-element-5f97d5a elementor-widget elementor-widget-heading\" data-id=\"5f97d5a\" data-element_type=\"widget\" data-widget_type=\"heading.default\">\n\t\t\t\t<div class=\"elementor-widget-container\">\n\t\t\t<style>\/*! elementor - v3.15.0 - 20-08-2023 *\/\n.elementor-heading-title{padding:0;margin:0;line-height:1}.elementor-widget-heading .elementor-heading-title[class*=elementor-size-]>a{color:inherit;font-size:inherit;line-height:inherit}.elementor-widget-heading .elementor-heading-title.elementor-size-small{font-size:15px}.elementor-widget-heading .elementor-heading-title.elementor-size-medium{font-size:19px}.elementor-widget-heading .elementor-heading-title.elementor-size-large{font-size:29px}.elementor-widget-heading .elementor-heading-title.elementor-size-xl{font-size:39px}.elementor-widget-heading .elementor-heading-title.elementor-size-xxl{font-size:59px}<\/style><h2 class=\"elementor-heading-title elementor-size-default\">Investment strategy<\/h2>\t\t<\/div>\n\t\t\t\t<\/div>\n\t\t\t\t<div class=\"elementor-element elementor-element-10ed9bb elementor-widget elementor-widget-heading\" data-id=\"10ed9bb\" data-element_type=\"widget\" data-widget_type=\"heading.default\">\n\t\t\t\t<div class=\"elementor-widget-container\">\n\t\t\t<h2 class=\"elementor-heading-title elementor-size-default\">of CriptoKapital<\/h2>\t\t<\/div>\n\t\t\t\t<\/div>\n\t\t\t\t<div class=\"elementor-element elementor-element-ad53a11 elementor-widget-divider--view-line elementor-widget elementor-widget-divider\" data-id=\"ad53a11\" data-element_type=\"widget\" data-widget_type=\"divider.default\">\n\t\t\t\t<div class=\"elementor-widget-container\">\n\t\t\t<style>\/*! elementor - v3.15.0 - 20-08-2023 *\/\n.elementor-widget-divider{--divider-border-style:none;--divider-border-width:1px;--divider-color:#0c0d0e;--divider-icon-size:20px;--divider-element-spacing:10px;--divider-pattern-height:24px;--divider-pattern-size:20px;--divider-pattern-url:none;--divider-pattern-repeat:repeat-x}.elementor-widget-divider .elementor-divider{display:flex}.elementor-widget-divider .elementor-divider__text{font-size:15px;line-height:1;max-width:95%}.elementor-widget-divider .elementor-divider__element{margin:0 var(--divider-element-spacing);flex-shrink:0}.elementor-widget-divider .elementor-icon{font-size:var(--divider-icon-size)}.elementor-widget-divider .elementor-divider-separator{display:flex;margin:0;direction:ltr}.elementor-widget-divider--view-line_icon .elementor-divider-separator,.elementor-widget-divider--view-line_text .elementor-divider-separator{align-items:center}.elementor-widget-divider--view-line_icon .elementor-divider-separator:after,.elementor-widget-divider--view-line_icon .elementor-divider-separator:before,.elementor-widget-divider--view-line_text .elementor-divider-separator:after,.elementor-widget-divider--view-line_text .elementor-divider-separator:before{display:block;content:\"\";border-bottom:0;flex-grow:1;border-top:var(--divider-border-width) var(--divider-border-style) var(--divider-color)}.elementor-widget-divider--element-align-left .elementor-divider .elementor-divider-separator>.elementor-divider__svg:first-of-type{flex-grow:0;flex-shrink:100}.elementor-widget-divider--element-align-left .elementor-divider-separator:before{content:none}.elementor-widget-divider--element-align-left .elementor-divider__element{margin-left:0}.elementor-widget-divider--element-align-right .elementor-divider .elementor-divider-separator>.elementor-divider__svg:last-of-type{flex-grow:0;flex-shrink:100}.elementor-widget-divider--element-align-right .elementor-divider-separator:after{content:none}.elementor-widget-divider--element-align-right .elementor-divider__element{margin-right:0}.elementor-widget-divider:not(.elementor-widget-divider--view-line_text):not(.elementor-widget-divider--view-line_icon) .elementor-divider-separator{border-top:var(--divider-border-width) var(--divider-border-style) var(--divider-color)}.elementor-widget-divider--separator-type-pattern{--divider-border-style:none}.elementor-widget-divider--separator-type-pattern.elementor-widget-divider--view-line .elementor-divider-separator,.elementor-widget-divider--separator-type-pattern:not(.elementor-widget-divider--view-line) .elementor-divider-separator:after,.elementor-widget-divider--separator-type-pattern:not(.elementor-widget-divider--view-line) .elementor-divider-separator:before,.elementor-widget-divider--separator-type-pattern:not([class*=elementor-widget-divider--view]) .elementor-divider-separator{width:100%;min-height:var(--divider-pattern-height);-webkit-mask-size:var(--divider-pattern-size) 100%;mask-size:var(--divider-pattern-size) 100%;-webkit-mask-repeat:var(--divider-pattern-repeat);mask-repeat:var(--divider-pattern-repeat);background-color:var(--divider-color);-webkit-mask-image:var(--divider-pattern-url);mask-image:var(--divider-pattern-url)}.elementor-widget-divider--no-spacing{--divider-pattern-size:auto}.elementor-widget-divider--bg-round{--divider-pattern-repeat:round}.rtl .elementor-widget-divider .elementor-divider__text{direction:rtl}.e-con-inner>.elementor-widget-divider,.e-con>.elementor-widget-divider{width:var(--container-widget-width,100%);--flex-grow:var(--container-widget-flex-grow)}<\/style>\t\t<div class=\"elementor-divider\">\n\t\t\t<span class=\"elementor-divider-separator\">\n\t\t\t\t\t\t<\/span>\n\t\t<\/div>\n\t\t\t\t<\/div>\n\t\t\t\t<\/div>\n\t\t\t\t<div class=\"elementor-element elementor-element-a06419d elementor-widget elementor-widget-spacer\" data-id=\"a06419d\" data-element_type=\"widget\" data-widget_type=\"spacer.default\">\n\t\t\t\t<div class=\"elementor-widget-container\">\n\t\t\t<style>\/*! elementor - v3.15.0 - 20-08-2023 *\/\n.elementor-column .elementor-spacer-inner{height:var(--spacer-size)}.e-con{--container-widget-width:100%}.e-con-inner>.elementor-widget-spacer,.e-con>.elementor-widget-spacer{width:var(--container-widget-width,var(--spacer-size));--align-self:var(--container-widget-align-self,initial);--flex-shrink:0}.e-con-inner>.elementor-widget-spacer>.elementor-widget-container,.e-con-inner>.elementor-widget-spacer>.elementor-widget-container>.elementor-spacer,.e-con>.elementor-widget-spacer>.elementor-widget-container,.e-con>.elementor-widget-spacer>.elementor-widget-container>.elementor-spacer{height:100%}.e-con-inner>.elementor-widget-spacer>.elementor-widget-container>.elementor-spacer>.elementor-spacer-inner,.e-con>.elementor-widget-spacer>.elementor-widget-container>.elementor-spacer>.elementor-spacer-inner{height:var(--container-widget-height,var(--spacer-size))}<\/style>\t\t<div class=\"elementor-spacer\">\n\t\t\t<div class=\"elementor-spacer-inner\"><\/div>\n\t\t<\/div>\n\t\t\t\t<\/div>\n\t\t\t\t<\/div>\n\t\t\t\t<section class=\"elementor-section elementor-inner-section elementor-element elementor-element-e11f8aa elementor-section-boxed elementor-section-height-default elementor-section-height-default\" data-id=\"e11f8aa\" data-element_type=\"section\" data-settings=\"{&quot;jet_parallax_layout_list&quot;:[]}\">\n\t\t\t\t\t\t<div class=\"elementor-container elementor-column-gap-wider\">\n\t\t\t\t\t<div class=\"elementor-column elementor-col-50 elementor-inner-column elementor-element elementor-element-6f299c5\" data-id=\"6f299c5\" data-element_type=\"column\">\n\t\t\t<div class=\"elementor-widget-wrap elementor-element-populated\">\n\t\t\t\t\t\t\t\t<div class=\"elementor-element elementor-element-dd0f22a elementor-position-left elementor-vertical-align-top elementor-widget elementor-widget-image-box\" data-id=\"dd0f22a\" data-element_type=\"widget\" data-widget_type=\"image-box.default\">\n\t\t\t\t<div class=\"elementor-widget-container\">\n\t\t\t<style>\/*! elementor - v3.15.0 - 20-08-2023 *\/\n.elementor-widget-image-box .elementor-image-box-content{width:100%}@media (min-width:768px){.elementor-widget-image-box.elementor-position-left .elementor-image-box-wrapper,.elementor-widget-image-box.elementor-position-right .elementor-image-box-wrapper{display:flex}.elementor-widget-image-box.elementor-position-right .elementor-image-box-wrapper{text-align:right;flex-direction:row-reverse}.elementor-widget-image-box.elementor-position-left .elementor-image-box-wrapper{text-align:left;flex-direction:row}.elementor-widget-image-box.elementor-position-top .elementor-image-box-img{margin:auto}.elementor-widget-image-box.elementor-vertical-align-top .elementor-image-box-wrapper{align-items:flex-start}.elementor-widget-image-box.elementor-vertical-align-middle .elementor-image-box-wrapper{align-items:center}.elementor-widget-image-box.elementor-vertical-align-bottom .elementor-image-box-wrapper{align-items:flex-end}}@media (max-width:767px){.elementor-widget-image-box .elementor-image-box-img{margin-left:auto!important;margin-right:auto!important;margin-bottom:15px}}.elementor-widget-image-box .elementor-image-box-img{display:inline-block}.elementor-widget-image-box .elementor-image-box-title a{color:inherit}.elementor-widget-image-box .elementor-image-box-wrapper{text-align:center}.elementor-widget-image-box .elementor-image-box-description{margin:0}<\/style><div class=\"elementor-image-box-wrapper\"><figure class=\"elementor-image-box-img\"><img loading=\"lazy\" decoding=\"async\" width=\"512\" height=\"512\" src=\"https:\/\/criptokapital.com\/wp-content\/uploads\/2022\/07\/worldwide.png\" class=\"attachment-full size-full wp-image-528\" alt=\"\" srcset=\"https:\/\/criptokapital.com\/wp-content\/uploads\/2022\/07\/worldwide.png 512w, https:\/\/criptokapital.com\/wp-content\/uploads\/2022\/07\/worldwide-300x300.png 300w, https:\/\/criptokapital.com\/wp-content\/uploads\/2022\/07\/worldwide-150x150.png 150w\" sizes=\"auto, (max-width: 512px) 100vw, 512px\" \/><\/figure><div class=\"elementor-image-box-content\"><h3 class=\"elementor-image-box-title\">Infrastructure<\/h3><p class=\"elementor-image-box-description\">To date, investment in infrastructure Blockchain has been the best it has cast with many projects beyond the Bitcoin and Ethereum rising to the rank of unicorn and surpassing $1B. From CriptoKapital infrastructure, we believe Blockchain will continue to grow as we develop more uses for the technology. For example, invest in infrastructure (Ethereum, Avalanche, Fantom...) it would be like investing in the internet itself, that is to say, in all the potential of the Blockchain.<\/p><\/div><\/div>\t\t<\/div>\n\t\t\t\t<\/div>\n\t\t\t\t\t<\/div>\n\t\t<\/div>\n\t\t\t\t<div class=\"elementor-column elementor-col-50 elementor-inner-column elementor-element elementor-element-51fe2eb\" data-id=\"51fe2eb\" data-element_type=\"column\">\n\t\t\t<div class=\"elementor-widget-wrap elementor-element-populated\">\n\t\t\t\t\t\t\t\t<div class=\"elementor-element elementor-element-c629e48 elementor-position-left elementor-vertical-align-top elementor-widget elementor-widget-image-box\" data-id=\"c629e48\" data-element_type=\"widget\" data-widget_type=\"image-box.default\">\n\t\t\t\t<div class=\"elementor-widget-container\">\n\t\t\t<div class=\"elementor-image-box-wrapper\"><figure class=\"elementor-image-box-img\"><img loading=\"lazy\" decoding=\"async\" width=\"512\" height=\"512\" src=\"https:\/\/criptokapital.com\/wp-content\/uploads\/2022\/07\/economic.png\" class=\"attachment-full size-full wp-image-529\" alt=\"\" srcset=\"https:\/\/criptokapital.com\/wp-content\/uploads\/2022\/07\/economic.png 512w, https:\/\/criptokapital.com\/wp-content\/uploads\/2022\/07\/economic-300x300.png 300w, https:\/\/criptokapital.com\/wp-content\/uploads\/2022\/07\/economic-150x150.png 150w\" sizes=\"auto, (max-width: 512px) 100vw, 512px\" \/><\/figure><div class=\"elementor-image-box-content\"><h3 class=\"elementor-image-box-title\">Finance<\/h3><p class=\"elementor-image-box-description\">As we mentioned before, the first sector that seeks to revolutionize the Blockchain industry is finance, and therefore can not be missing in our portfolio. The most important thing is that in this revolution, we are NOT only talking about Bitcoin but rather a compendium of decentralized applications that seek to break the financial markets traditional. <\/p><\/div><\/div>\t\t<\/div>\n\t\t\t\t<\/div>\n\t\t\t\t\t<\/div>\n\t\t<\/div>\n\t\t\t\t\t\t\t<\/div>\n\t\t<\/section>\n\t\t\t\t<section class=\"elementor-section elementor-inner-section elementor-element elementor-element-a5b5fda elementor-section-boxed elementor-section-height-default elementor-section-height-default\" data-id=\"a5b5fda\" data-element_type=\"section\" data-settings=\"{&quot;jet_parallax_layout_list&quot;:[]}\">\n\t\t\t\t\t\t<div class=\"elementor-container elementor-column-gap-wider\">\n\t\t\t\t\t<div class=\"elementor-column elementor-col-50 elementor-inner-column elementor-element elementor-element-ad70be3\" data-id=\"ad70be3\" data-element_type=\"column\">\n\t\t\t<div class=\"elementor-widget-wrap elementor-element-populated\">\n\t\t\t\t\t\t\t\t<div class=\"elementor-element elementor-element-33d572b elementor-position-left elementor-vertical-align-top elementor-widget elementor-widget-image-box\" data-id=\"33d572b\" data-element_type=\"widget\" data-widget_type=\"image-box.default\">\n\t\t\t\t<div class=\"elementor-widget-container\">\n\t\t\t<div class=\"elementor-image-box-wrapper\"><figure class=\"elementor-image-box-img\"><img loading=\"lazy\" decoding=\"async\" width=\"512\" height=\"512\" src=\"https:\/\/criptokapital.com\/wp-content\/uploads\/2022\/07\/nft.png\" class=\"attachment-full size-full wp-image-530\" alt=\"\" srcset=\"https:\/\/criptokapital.com\/wp-content\/uploads\/2022\/07\/nft.png 512w, https:\/\/criptokapital.com\/wp-content\/uploads\/2022\/07\/nft-300x300.png 300w, https:\/\/criptokapital.com\/wp-content\/uploads\/2022\/07\/nft-150x150.png 150w\" sizes=\"auto, (max-width: 512px) 100vw, 512px\" \/><\/figure><div class=\"elementor-image-box-content\"><h3 class=\"elementor-image-box-title\">NFTs<\/h3><p class=\"elementor-image-box-description\">It is the word of fashion and could not be missing in our portfolio. From CriptoKapital we&#039;re not going to invest in Ntfs, but in the infrastructures that allow you to create, buy and sell such NFTs. The potential of NFTs is amazing, but in these moments, the valuations of many of these projects are given by pure speculation, and when a market is in its infancy it is best to invest in infrastructure.<\/p><\/div><\/div>\t\t<\/div>\n\t\t\t\t<\/div>\n\t\t\t\t\t<\/div>\n\t\t<\/div>\n\t\t\t\t<div class=\"elementor-column elementor-col-50 elementor-inner-column elementor-element elementor-element-afaa22b\" data-id=\"afaa22b\" data-element_type=\"column\">\n\t\t\t<div class=\"elementor-widget-wrap elementor-element-populated\">\n\t\t\t\t\t\t\t\t<div class=\"elementor-element elementor-element-f6840a5 elementor-position-left elementor-vertical-align-top elementor-widget elementor-widget-image-box\" data-id=\"f6840a5\" data-element_type=\"widget\" data-widget_type=\"image-box.default\">\n\t\t\t\t<div class=\"elementor-widget-container\">\n\t\t\t<div class=\"elementor-image-box-wrapper\"><figure class=\"elementor-image-box-img\"><img loading=\"lazy\" decoding=\"async\" width=\"512\" height=\"512\" src=\"https:\/\/criptokapital.com\/wp-content\/uploads\/2022\/07\/logistics.png\" class=\"attachment-full size-full wp-image-531\" alt=\"\" srcset=\"https:\/\/criptokapital.com\/wp-content\/uploads\/2022\/07\/logistics.png 512w, https:\/\/criptokapital.com\/wp-content\/uploads\/2022\/07\/logistics-300x300.png 300w, https:\/\/criptokapital.com\/wp-content\/uploads\/2022\/07\/logistics-150x150.png 150w\" sizes=\"auto, (max-width: 512px) 100vw, 512px\" \/><\/figure><div class=\"elementor-image-box-content\"><h3 class=\"elementor-image-box-title\">Logistics<\/h3><p class=\"elementor-image-box-description\">Probably one of the sectors most neglected by investors, but where the technology Blockchain makes the most sense. The management of logistics through technology Blockchain not only makes it safer for businesses and consumers, but also more efficient and it is up to the Davos forum have commented on the need to apply the Blockchain to the supply chain.<\/p><\/div><\/div>\t\t<\/div>\n\t\t\t\t<\/div>\n\t\t\t\t\t<\/div>\n\t\t<\/div>\n\t\t\t\t\t\t\t<\/div>\n\t\t<\/section>\n\t\t\t\t<section class=\"elementor-section elementor-inner-section elementor-element elementor-element-7b5c593 elementor-section-boxed elementor-section-height-default elementor-section-height-default\" data-id=\"7b5c593\" data-element_type=\"section\" data-settings=\"{&quot;jet_parallax_layout_list&quot;:[]}\">\n\t\t\t\t\t\t<div class=\"elementor-container elementor-column-gap-wider\">\n\t\t\t\t\t<div class=\"elementor-column elementor-col-50 elementor-inner-column elementor-element elementor-element-b184b1b\" data-id=\"b184b1b\" data-element_type=\"column\">\n\t\t\t<div class=\"elementor-widget-wrap elementor-element-populated\">\n\t\t\t\t\t\t\t\t<div class=\"elementor-element elementor-element-791a556 elementor-position-left elementor-vertical-align-top elementor-widget elementor-widget-image-box\" data-id=\"791a556\" data-element_type=\"widget\" data-widget_type=\"image-box.default\">\n\t\t\t\t<div class=\"elementor-widget-container\">\n\t\t\t<div class=\"elementor-image-box-wrapper\"><figure class=\"elementor-image-box-img\"><img loading=\"lazy\" decoding=\"async\" width=\"512\" height=\"512\" src=\"https:\/\/criptokapital.com\/wp-content\/uploads\/2022\/07\/analysis.png\" class=\"attachment-full size-full wp-image-532\" alt=\"\" srcset=\"https:\/\/criptokapital.com\/wp-content\/uploads\/2022\/07\/analysis.png 512w, https:\/\/criptokapital.com\/wp-content\/uploads\/2022\/07\/analysis-300x300.png 300w, https:\/\/criptokapital.com\/wp-content\/uploads\/2022\/07\/analysis-150x150.png 150w\" sizes=\"auto, (max-width: 512px) 100vw, 512px\" \/><\/figure><div class=\"elementor-image-box-content\"><h3 class=\"elementor-image-box-title\">Data<\/h3><p class=\"elementor-image-box-description\">With the birth of the internet, the data is converted in the real digital gold and the great world such as Google, Amazon or Apple did with its monopoly, emple\u00e1ndolos indiscriminately to maintain its position as the most relevant companies in the world. With the birth of the Web3.0, there will be a democratization of the data and the individuals will begin to have more power over your information. A very interesting example would be for the clinical records of health, since people would have the control of your health information and could not only share important information with their primary care physicians, but they would have the opportunity to sell, so love him, a part of your information to the pharmaceutical, clinical trials...\n\nThe property of your information opens the doors to new markets data both health, as consumption or virtually anything you can imagine and, of course, this creates a market space for companies that want to act as the protectors of such data or intermediary in exchange. \nFrom CriptoKapital, we will invest in projects that are already developing proposals tremendously interesting for this self-control of the data, as well as those infrastructures and protocols with the potential to arise in the coming years.<\/p><\/div><\/div>\t\t<\/div>\n\t\t\t\t<\/div>\n\t\t\t\t\t<\/div>\n\t\t<\/div>\n\t\t\t\t<div class=\"elementor-column elementor-col-50 elementor-inner-column elementor-element elementor-element-e1162c5\" data-id=\"e1162c5\" data-element_type=\"column\">\n\t\t\t<div class=\"elementor-widget-wrap elementor-element-populated\">\n\t\t\t\t\t\t\t\t<div class=\"elementor-element elementor-element-bb27c64 elementor-position-left elementor-vertical-align-top elementor-widget elementor-widget-image-box\" data-id=\"bb27c64\" data-element_type=\"widget\" data-widget_type=\"image-box.default\">\n\t\t\t\t<div class=\"elementor-widget-container\">\n\t\t\t<div class=\"elementor-image-box-wrapper\"><figure class=\"elementor-image-box-img\"><img loading=\"lazy\" decoding=\"async\" width=\"512\" height=\"512\" src=\"https:\/\/criptokapital.com\/wp-content\/uploads\/2022\/07\/encrypted.png\" class=\"attachment-full size-full wp-image-533\" alt=\"\" srcset=\"https:\/\/criptokapital.com\/wp-content\/uploads\/2022\/07\/encrypted.png 512w, https:\/\/criptokapital.com\/wp-content\/uploads\/2022\/07\/encrypted-300x300.png 300w, https:\/\/criptokapital.com\/wp-content\/uploads\/2022\/07\/encrypted-150x150.png 150w\" sizes=\"auto, (max-width: 512px) 100vw, 512px\" \/><\/figure><div class=\"elementor-image-box-content\"><h3 class=\"elementor-image-box-title\">Cybersecurity<\/h3><p class=\"elementor-image-box-description\">In October 2020, Google publicly revealed the details of a cyber attack last launched against its servers in September 2017. A DDoS attack of February 2020 against a customer of Amazon Web Services (AWS) was the highest run against AWS, up to that time. The past month of September, the search engine Yandex, with headquarters in Russia, suffered the largest DDoS attack in history in the Russian segment of the Internet.\n\nThe decentralised nature, based on consensus and trust of blockchain makes it naturally resistant to these attacks, and are already building applications that seek to increase the security of existing ecosystems. \n\nFrom CriptoKapital, we see in the market of cybersecurity, a true gem to exploit the technology Blockchain and projects very powerful being built today. \n<\/p><\/div><\/div>\t\t<\/div>\n\t\t\t\t<\/div>\n\t\t\t\t\t<\/div>\n\t\t<\/div>\n\t\t\t\t\t\t\t<\/div>\n\t\t<\/section>\n\t\t\t\t\t<\/div>\n\t\t<\/div>\n\t\t\t\t\t\t\t<\/div>\n\t\t<\/section>\n\t\t\t\t\t\t\t<\/div>","protected":false},"excerpt":{"rendered":"<p>Estrategia de inversi\u00f3n de CriptoKapital Infraestructuras Hasta la fecha, la inversi\u00f3n en infraestructura Blockchain ha sido la que mejores resultados ha arrojado con muchos proyectos m\u00e1s all\u00e1 del Bitcoin y Ethereum alcanzando el rango de unicornio y superando el $1B. Desde CriptoKapital creemos que las infraestructuras Blockchain seguir\u00e1n creciendo a medida que se desarrollen m\u00e1s [&hellip;]<\/p>","protected":false},"author":1,"featured_media":0,"parent":0,"menu_order":0,"comment_status":"closed","ping_status":"closed","template":"elementor_header_footer","meta":{"footnotes":""},"class_list":["post-299","page","type-page","status-publish","hentry"],"_links":{"self":[{"href":"https:\/\/criptokapital.com\/en\/wp-json\/wp\/v2\/pages\/299","targetHints":{"allow":["GET"]}}],"collection":[{"href":"https:\/\/criptokapital.com\/en\/wp-json\/wp\/v2\/pages"}],"about":[{"href":"https:\/\/criptokapital.com\/en\/wp-json\/wp\/v2\/types\/page"}],"author":[{"embeddable":true,"href":"https:\/\/criptokapital.com\/en\/wp-json\/wp\/v2\/users\/1"}],"replies":[{"embeddable":true,"href":"https:\/\/criptokapital.com\/en\/wp-json\/wp\/v2\/comments?post=299"}],"version-history":[{"count":19,"href":"https:\/\/criptokapital.com\/en\/wp-json\/wp\/v2\/pages\/299\/revisions"}],"predecessor-version":[{"id":563,"href":"https:\/\/criptokapital.com\/en\/wp-json\/wp\/v2\/pages\/299\/revisions\/563"}],"wp:attachment":[{"href":"https:\/\/criptokapital.com\/en\/wp-json\/wp\/v2\/media?parent=299"}],"curies":[{"name":"wp","href":"https:\/\/api.w.org\/{rel}","templated":true}]}}