{"id":293,"date":"2022-07-05T06:46:51","date_gmt":"2022-07-05T06:46:51","guid":{"rendered":"https:\/\/criptokapital.com\/?page_id=293"},"modified":"2022-07-05T06:49:10","modified_gmt":"2022-07-05T06:49:10","slug":"preguntas-frecuentes","status":"publish","type":"page","link":"https:\/\/criptokapital.com\/en\/preguntas-frecuentes\/","title":{"rendered":"Preguntas Frecuentes"},"content":{"rendered":"<div data-elementor-type=\"wp-page\" data-elementor-id=\"293\" class=\"elementor elementor-293\">\n\t\t\t\t\t\t\t\t\t<section class=\"elementor-section elementor-top-section elementor-element elementor-element-480a5b9 elementor-section-boxed elementor-section-height-default elementor-section-height-default\" data-id=\"480a5b9\" data-element_type=\"section\" data-settings=\"{&quot;jet_parallax_layout_list&quot;:[],&quot;background_background&quot;:&quot;classic&quot;}\">\n\t\t\t\t\t\t<div class=\"elementor-container elementor-column-gap-default\">\n\t\t\t\t\t<div class=\"elementor-column elementor-col-100 elementor-top-column elementor-element elementor-element-170d429\" data-id=\"170d429\" data-element_type=\"column\">\n\t\t\t<div class=\"elementor-widget-wrap elementor-element-populated\">\n\t\t\t\t\t\t\t\t<div class=\"elementor-element elementor-element-0d10f3a elementor-widget elementor-widget-heading\" data-id=\"0d10f3a\" data-element_type=\"widget\" data-widget_type=\"heading.default\">\n\t\t\t\t<div class=\"elementor-widget-container\">\n\t\t\t<style>\/*! elementor - v3.15.0 - 20-08-2023 *\/\n.elementor-heading-title{padding:0;margin:0;line-height:1}.elementor-widget-heading .elementor-heading-title[class*=elementor-size-]>a{color:inherit;font-size:inherit;line-height:inherit}.elementor-widget-heading .elementor-heading-title.elementor-size-small{font-size:15px}.elementor-widget-heading .elementor-heading-title.elementor-size-medium{font-size:19px}.elementor-widget-heading .elementor-heading-title.elementor-size-large{font-size:29px}.elementor-widget-heading .elementor-heading-title.elementor-size-xl{font-size:39px}.elementor-widget-heading .elementor-heading-title.elementor-size-xxl{font-size:59px}<\/style><h2 class=\"elementor-heading-title elementor-size-default\">Frequently asked questions<\/h2>\t\t<\/div>\n\t\t\t\t<\/div>\n\t\t\t\t\t<\/div>\n\t\t<\/div>\n\t\t\t\t\t\t\t<\/div>\n\t\t<\/section>\n\t\t\t\t<section class=\"elementor-section elementor-top-section elementor-element elementor-element-91a1a4a elementor-section-boxed elementor-section-height-default elementor-section-height-default\" data-id=\"91a1a4a\" data-element_type=\"section\" data-settings=\"{&quot;jet_parallax_layout_list&quot;:[]}\">\n\t\t\t\t\t\t<div class=\"elementor-container elementor-column-gap-default\">\n\t\t\t\t\t<div class=\"elementor-column elementor-col-50 elementor-top-column elementor-element elementor-element-375d391\" data-id=\"375d391\" data-element_type=\"column\">\n\t\t\t<div class=\"elementor-widget-wrap elementor-element-populated\">\n\t\t\t\t\t\t\t\t<div class=\"elementor-element elementor-element-6364166 elementor-widget elementor-widget-jet-accordion\" data-id=\"6364166\" data-element_type=\"widget\" data-widget_type=\"jet-accordion.default\">\n\t\t\t\t<div class=\"elementor-widget-container\">\n\t\t\t\t\t<div class=\"jet-accordion\" data-settings=\"{&quot;collapsible&quot;:false,&quot;ajaxTemplate&quot;:false,&quot;switchScrolling&quot;:false}\" role=\"tablist\">\n\t\t\t<div class=\"jet-accordion__inner\">\n\t\t\t\t<div class=\"jet-accordion__item jet-toggle jet-toggle-move-up-effect\">\n\t\t\t\t\t\t\t<div id=\"jet-toggle-control-1041\" class=\"jet-toggle__control elementor-menu-anchor\" data-toggle=\"1\" role=\"tab\" aria-controls=\"jet-toggle-content-1041\" aria-expanded=\"false\" data-template-id=\"false\">\n\t\t\t\t\t\t\t\t<div class=\"jet-toggle__label-icon jet-toggle-icon-position-left\"><span class=\"jet-toggle__icon icon-normal jet-tabs-icon\"><i aria-hidden=\"true\" class=\"fas fa-chevron-down\"><\/i><\/span><span class=\"jet-toggle__icon icon-active jet-tabs-icon\"><i aria-hidden=\"true\" class=\"fas fa-chevron-up\"><\/i><\/span><\/div><div class=\"jet-toggle__label-text\">What is the mission of CriptoKapital?<\/div>\t\t\t\t\t\t\t<\/div>\n\t\t\t\t\t\t\t<div id=\"jet-toggle-content-1041\" class=\"jet-toggle__content\" data-toggle=\"1\" role=\"tabpanel\" aria-hidden=\"true\" data-template-id=\"false\">\n\t\t\t\t\t\t\t\t<div class=\"jet-toggle__content-inner\"><p>We believe that innovation is key to the long term development of the world and of the companies. Our mission is to achieve a high appreciation of the investment over the long term in comparison with more traditional investments through investment in assets and equipment innovative and disruptive through the technology Blockchain.<\/p><\/div>\n\t\t\t\t\t\t\t<\/div>\n\t\t\t\t\t\t<\/div><div class=\"jet-accordion__item jet-toggle jet-toggle-move-up-effect\">\n\t\t\t\t\t\t\t<div id=\"jet-toggle-control-1042\" class=\"jet-toggle__control elementor-menu-anchor\" data-toggle=\"2\" role=\"tab\" aria-controls=\"jet-toggle-content-1042\" aria-expanded=\"false\" data-template-id=\"false\">\n\t\t\t\t\t\t\t\t<div class=\"jet-toggle__label-icon jet-toggle-icon-position-left\"><span class=\"jet-toggle__icon icon-normal jet-tabs-icon\"><i aria-hidden=\"true\" class=\"fas fa-chevron-down\"><\/i><\/span><span class=\"jet-toggle__icon icon-active jet-tabs-icon\"><i aria-hidden=\"true\" class=\"fas fa-chevron-up\"><\/i><\/span><\/div><div class=\"jet-toggle__label-text\">What is our history?<\/div>\t\t\t\t\t\t\t<\/div>\n\t\t\t\t\t\t\t<div id=\"jet-toggle-content-1042\" class=\"jet-toggle__content\" data-toggle=\"2\" role=\"tabpanel\" aria-hidden=\"true\" data-template-id=\"false\">\n\t\t\t\t\t\t\t\t<div class=\"jet-toggle__content-inner\"><p>CriptoKapital was founded in the year 2022, with the objective of bringing to the inverter average of the opportunity to invest in some of the most profitable assets, and with more potential at the time. To date, the majority of funds were limited to large capitals (&gt;100k\u20ac) and the individual investor required a large commitment in time to the management of their assets on criptomonedas. At that time, the team CriptoKapital understands that there is a need in the industry to give access to these investments to all types of investors. Creating as a solution to a project that lets you invest little capital in an index of the companies with the most potential of all the sector-carefully selected by expert investors on criptomonedas.<\/p><\/div>\n\t\t\t\t\t\t\t<\/div>\n\t\t\t\t\t\t<\/div><div class=\"jet-accordion__item jet-toggle jet-toggle-move-up-effect\">\n\t\t\t\t\t\t\t<div id=\"jet-toggle-control-1043\" class=\"jet-toggle__control elementor-menu-anchor\" data-toggle=\"3\" role=\"tab\" aria-controls=\"jet-toggle-content-1043\" aria-expanded=\"false\" data-template-id=\"false\">\n\t\t\t\t\t\t\t\t<div class=\"jet-toggle__label-icon jet-toggle-icon-position-left\"><span class=\"jet-toggle__icon icon-normal jet-tabs-icon\"><i aria-hidden=\"true\" class=\"fas fa-chevron-down\"><\/i><\/span><span class=\"jet-toggle__icon icon-active jet-tabs-icon\"><i aria-hidden=\"true\" class=\"fas fa-chevron-up\"><\/i><\/span><\/div><div class=\"jet-toggle__label-text\">What makes us different?<\/div>\t\t\t\t\t\t\t<\/div>\n\t\t\t\t\t\t\t<div id=\"jet-toggle-content-1043\" class=\"jet-toggle__content\" data-toggle=\"3\" role=\"tabpanel\" aria-hidden=\"true\" data-template-id=\"false\">\n\t\t\t\t\t\t\t\t<div class=\"jet-toggle__content-inner\"><p>There are several points that differentiate CriptoKapital from the rest of competitors in the sector, being the most relevant:<\/p><ul><li><strong>Accessibility<\/strong>: The best funds criptomonedas have an input of capital is very high for the inverter average, approximately \u20ac100k. From CriptoKapital facilitate access to the inverter average allowing entries from a minimum of \u20ac5k.<\/li><li><strong>Strategy<\/strong>: The most funds with entries minor made a strategy, minimally maintained, creating indexes that follow the top10-20 criptomonedas, and balancing between positions when necessary. From CriptoKapital we take a totally different direction, basing our strategy of investment in areas\/sectors and looking for the companies with the most potential within these. We implement a strategy very similar to that of ARK Invest is focused on the technology Blockchain.<\/li><li><strong>Values<\/strong>: From CriptoKapital we just want to win when you win. While the majority of funds you will be charged for managing your capital, as we only charge you when you do earn money.<\/li><\/ul><\/div>\n\t\t\t\t\t\t\t<\/div>\n\t\t\t\t\t\t<\/div><div class=\"jet-accordion__item jet-toggle jet-toggle-move-up-effect\">\n\t\t\t\t\t\t\t<div id=\"jet-toggle-control-1044\" class=\"jet-toggle__control elementor-menu-anchor\" data-toggle=\"4\" role=\"tab\" aria-controls=\"jet-toggle-content-1044\" aria-expanded=\"false\" data-template-id=\"false\">\n\t\t\t\t\t\t\t\t<div class=\"jet-toggle__label-icon jet-toggle-icon-position-left\"><span class=\"jet-toggle__icon icon-normal jet-tabs-icon\"><i aria-hidden=\"true\" class=\"fas fa-chevron-down\"><\/i><\/span><span class=\"jet-toggle__icon icon-active jet-tabs-icon\"><i aria-hidden=\"true\" class=\"fas fa-chevron-up\"><\/i><\/span><\/div><div class=\"jet-toggle__label-text\">What is investing in thematic?<\/div>\t\t\t\t\t\t\t<\/div>\n\t\t\t\t\t\t\t<div id=\"jet-toggle-content-1044\" class=\"jet-toggle__content\" data-toggle=\"4\" role=\"tabpanel\" aria-hidden=\"true\" data-template-id=\"false\">\n\t\t\t\t\t\t\t\t<div class=\"jet-toggle__content-inner\"><p>The investment theme is a strategy focused on capturing the disruptive innovation. Looking to capitalize on long-term trends that cut across economic sectors and geographical boundaries. The thematic strategies can be better adjusted to the rapid changes and incorporate a deep understanding of the factors underlying the creation of value and the long-term risk.<\/p><\/div>\n\t\t\t\t\t\t\t<\/div>\n\t\t\t\t\t\t<\/div><div class=\"jet-accordion__item jet-toggle jet-toggle-move-up-effect\">\n\t\t\t\t\t\t\t<div id=\"jet-toggle-control-1045\" class=\"jet-toggle__control elementor-menu-anchor\" data-toggle=\"5\" role=\"tab\" aria-controls=\"jet-toggle-content-1045\" aria-expanded=\"false\" data-template-id=\"false\">\n\t\t\t\t\t\t\t\t<div class=\"jet-toggle__label-icon jet-toggle-icon-position-left\"><span class=\"jet-toggle__icon icon-normal jet-tabs-icon\"><i aria-hidden=\"true\" class=\"fas fa-chevron-down\"><\/i><\/span><span class=\"jet-toggle__icon icon-active jet-tabs-icon\"><i aria-hidden=\"true\" class=\"fas fa-chevron-up\"><\/i><\/span><\/div><div class=\"jet-toggle__label-text\">What are the advantages of this type of investment?<\/div>\t\t\t\t\t\t\t<\/div>\n\t\t\t\t\t\t\t<div id=\"jet-toggle-content-1045\" class=\"jet-toggle__content\" data-toggle=\"5\" role=\"tabpanel\" aria-hidden=\"true\" data-template-id=\"false\">\n\t\t\t\t\t\t\t\t<div class=\"jet-toggle__content-inner\"><p>The investment in thematic tries to capture the future growth, which allows investors to be ahead of the market. A constant focus on the changes in both secular and innovation can offer a coverage portfolio in a rapidly changing world and to complement traditional strategies based on indexes.<\/p><\/div>\n\t\t\t\t\t\t\t<\/div>\n\t\t\t\t\t\t<\/div><div class=\"jet-accordion__item jet-toggle jet-toggle-move-up-effect\">\n\t\t\t\t\t\t\t<div id=\"jet-toggle-control-1046\" class=\"jet-toggle__control elementor-menu-anchor\" data-toggle=\"6\" role=\"tab\" aria-controls=\"jet-toggle-content-1046\" aria-expanded=\"false\" data-template-id=\"false\">\n\t\t\t\t\t\t\t\t<div class=\"jet-toggle__label-icon jet-toggle-icon-position-left\"><span class=\"jet-toggle__icon icon-normal jet-tabs-icon\"><i aria-hidden=\"true\" class=\"fas fa-chevron-down\"><\/i><\/span><span class=\"jet-toggle__icon icon-active jet-tabs-icon\"><i aria-hidden=\"true\" class=\"fas fa-chevron-up\"><\/i><\/span><\/div><div class=\"jet-toggle__label-text\">What is the time horizon of investment suggested by CriptoKapital?<\/div>\t\t\t\t\t\t\t<\/div>\n\t\t\t\t\t\t\t<div id=\"jet-toggle-content-1046\" class=\"jet-toggle__content\" data-toggle=\"6\" role=\"tabpanel\" aria-hidden=\"true\" data-template-id=\"false\">\n\t\t\t\t\t\t\t\t<div class=\"jet-toggle__content-inner\"><p>CriptoKapital suggests a horizon of long-term investment of an investment cycle to complete, that is to say, of more than 7 years. CriptoKapital aims to achieve capital growth in the long term without taking into account the indexes of reference, focusing on the belief that innovation is the key to growth.<\/p><\/div>\n\t\t\t\t\t\t\t<\/div>\n\t\t\t\t\t\t<\/div>\t\t\t\t\t\t\t\t<\/div>\n\t\t<\/div>\n\t\t\t\t<\/div>\n\t\t\t\t<\/div>\n\t\t\t\t\t<\/div>\n\t\t<\/div>\n\t\t\t\t<div class=\"elementor-column elementor-col-50 elementor-top-column elementor-element elementor-element-ec66400\" data-id=\"ec66400\" data-element_type=\"column\">\n\t\t\t<div class=\"elementor-widget-wrap elementor-element-populated\">\n\t\t\t\t\t\t\t\t<div class=\"elementor-element elementor-element-5a90030 elementor-widget elementor-widget-jet-accordion\" data-id=\"5a90030\" data-element_type=\"widget\" data-widget_type=\"jet-accordion.default\">\n\t\t\t\t<div class=\"elementor-widget-container\">\n\t\t\t\t\t<div class=\"jet-accordion\" data-settings=\"{&quot;collapsible&quot;:false,&quot;ajaxTemplate&quot;:false,&quot;switchScrolling&quot;:false}\" role=\"tablist\">\n\t\t\t<div class=\"jet-accordion__inner\">\n\t\t\t\t<div class=\"jet-accordion__item jet-toggle jet-toggle-move-up-effect\">\n\t\t\t\t\t\t\t<div id=\"jet-toggle-control-9491\" class=\"jet-toggle__control elementor-menu-anchor\" data-toggle=\"1\" role=\"tab\" aria-controls=\"jet-toggle-content-9491\" aria-expanded=\"false\" data-template-id=\"false\">\n\t\t\t\t\t\t\t\t<div class=\"jet-toggle__label-icon jet-toggle-icon-position-left\"><span class=\"jet-toggle__icon icon-normal jet-tabs-icon\"><i aria-hidden=\"true\" class=\"fas fa-chevron-down\"><\/i><\/span><span class=\"jet-toggle__icon icon-active jet-tabs-icon\"><i aria-hidden=\"true\" class=\"fas fa-chevron-up\"><\/i><\/span><\/div><div class=\"jet-toggle__label-text\">What determines the value of the token?<\/div>\t\t\t\t\t\t\t<\/div>\n\t\t\t\t\t\t\t<div id=\"jet-toggle-content-9491\" class=\"jet-toggle__content\" data-toggle=\"1\" role=\"tabpanel\" aria-hidden=\"true\" data-template-id=\"false\">\n\t\t\t\t\t\t\t\t<div class=\"jet-toggle__content-inner\"><p><span lang=\"es\">Unlike most of the coins that are on the market, ours does not fluctuate according to supply and demand, but rather that its value is a percentage proportional to the managed portfolio.<\/span><\/p><\/div>\n\t\t\t\t\t\t\t<\/div>\n\t\t\t\t\t\t<\/div><div class=\"jet-accordion__item jet-toggle jet-toggle-move-up-effect\">\n\t\t\t\t\t\t\t<div id=\"jet-toggle-control-9492\" class=\"jet-toggle__control elementor-menu-anchor\" data-toggle=\"2\" role=\"tab\" aria-controls=\"jet-toggle-content-9492\" aria-expanded=\"false\" data-template-id=\"false\">\n\t\t\t\t\t\t\t\t<div class=\"jet-toggle__label-icon jet-toggle-icon-position-left\"><span class=\"jet-toggle__icon icon-normal jet-tabs-icon\"><i aria-hidden=\"true\" class=\"fas fa-chevron-down\"><\/i><\/span><span class=\"jet-toggle__icon icon-active jet-tabs-icon\"><i aria-hidden=\"true\" class=\"fas fa-chevron-up\"><\/i><\/span><\/div><div class=\"jet-toggle__label-text\">Can I lose the value of the token?<\/div>\t\t\t\t\t\t\t<\/div>\n\t\t\t\t\t\t\t<div id=\"jet-toggle-content-9492\" class=\"jet-toggle__content\" data-toggle=\"2\" role=\"tabpanel\" aria-hidden=\"true\" data-template-id=\"false\">\n\t\t\t\t\t\t\t\t<div class=\"jet-toggle__content-inner\"><p><span lang=\"es\">The token may lose value in function of the results of management of the portfolio, taking into account that the risk is much lower that operate directly with criptomonedas. Since the projects in the area are of a greater spectrum and has a diversified portfolio.<\/span><\/p><\/div>\n\t\t\t\t\t\t\t<\/div>\n\t\t\t\t\t\t<\/div><div class=\"jet-accordion__item jet-toggle jet-toggle-move-up-effect\">\n\t\t\t\t\t\t\t<div id=\"jet-toggle-control-9493\" class=\"jet-toggle__control elementor-menu-anchor\" data-toggle=\"3\" role=\"tab\" aria-controls=\"jet-toggle-content-9493\" aria-expanded=\"false\" data-template-id=\"false\">\n\t\t\t\t\t\t\t\t<div class=\"jet-toggle__label-icon jet-toggle-icon-position-left\"><span class=\"jet-toggle__icon icon-normal jet-tabs-icon\"><i aria-hidden=\"true\" class=\"fas fa-chevron-down\"><\/i><\/span><span class=\"jet-toggle__icon icon-active jet-tabs-icon\"><i aria-hidden=\"true\" class=\"fas fa-chevron-up\"><\/i><\/span><\/div><div class=\"jet-toggle__label-text\">When will I be able to sell my tokens?<\/div>\t\t\t\t\t\t\t<\/div>\n\t\t\t\t\t\t\t<div id=\"jet-toggle-content-9493\" class=\"jet-toggle__content\" data-toggle=\"3\" role=\"tabpanel\" aria-hidden=\"true\" data-template-id=\"false\">\n\t\t\t\t\t\t\t\t<div class=\"jet-toggle__content-inner\"><p><span lang=\"es\">The first screen of output will be the year of purchase to the touch and later, you can exit each 3 months provided that you notify at least 35 days in advance.<\/span><\/p><\/div>\n\t\t\t\t\t\t\t<\/div>\n\t\t\t\t\t\t<\/div><div class=\"jet-accordion__item jet-toggle jet-toggle-move-up-effect\">\n\t\t\t\t\t\t\t<div id=\"jet-toggle-control-9494\" class=\"jet-toggle__control elementor-menu-anchor\" data-toggle=\"4\" role=\"tab\" aria-controls=\"jet-toggle-content-9494\" aria-expanded=\"false\" data-template-id=\"false\">\n\t\t\t\t\t\t\t\t<div class=\"jet-toggle__label-icon jet-toggle-icon-position-left\"><span class=\"jet-toggle__icon icon-normal jet-tabs-icon\"><i aria-hidden=\"true\" class=\"fas fa-chevron-down\"><\/i><\/span><span class=\"jet-toggle__icon icon-active jet-tabs-icon\"><i aria-hidden=\"true\" class=\"fas fa-chevron-up\"><\/i><\/span><\/div><div class=\"jet-toggle__label-text\">Where are my tokens?<\/div>\t\t\t\t\t\t\t<\/div>\n\t\t\t\t\t\t\t<div id=\"jet-toggle-content-9494\" class=\"jet-toggle__content\" data-toggle=\"4\" role=\"tabpanel\" aria-hidden=\"true\" data-template-id=\"false\">\n\t\t\t\t\t\t\t\t<div class=\"jet-toggle__content-inner\"><p><span lang=\"es\">The tokens should be stored in a portfolio each particular client, from CriptoKapital we offer you to guard your keys and you can not lose your tokens.<\/span><\/p><\/div>\n\t\t\t\t\t\t\t<\/div>\n\t\t\t\t\t\t<\/div><div class=\"jet-accordion__item jet-toggle jet-toggle-move-up-effect\">\n\t\t\t\t\t\t\t<div id=\"jet-toggle-control-9495\" class=\"jet-toggle__control elementor-menu-anchor\" data-toggle=\"5\" role=\"tab\" aria-controls=\"jet-toggle-content-9495\" aria-expanded=\"false\" data-template-id=\"false\">\n\t\t\t\t\t\t\t\t<div class=\"jet-toggle__label-icon jet-toggle-icon-position-left\"><span class=\"jet-toggle__icon icon-normal jet-tabs-icon\"><i aria-hidden=\"true\" class=\"fas fa-chevron-down\"><\/i><\/span><span class=\"jet-toggle__icon icon-active jet-tabs-icon\"><i aria-hidden=\"true\" class=\"fas fa-chevron-up\"><\/i><\/span><\/div><div class=\"jet-toggle__label-text\">Where can I buy and sell the tokens?<\/div>\t\t\t\t\t\t\t<\/div>\n\t\t\t\t\t\t\t<div id=\"jet-toggle-content-9495\" class=\"jet-toggle__content\" data-toggle=\"5\" role=\"tabpanel\" aria-hidden=\"true\" data-template-id=\"false\">\n\t\t\t\t\t\t\t\t<div class=\"jet-toggle__content-inner\"><p><span lang=\"es\">Tokens can only be, to buy and sell through CriptoKapital. On the dates indicated to do so.<\/span><\/p><\/div>\n\t\t\t\t\t\t\t<\/div>\n\t\t\t\t\t\t<\/div>\t\t\t\t\t\t\t\t<\/div>\n\t\t<\/div>\n\t\t\t\t<\/div>\n\t\t\t\t<\/div>\n\t\t\t\t\t<\/div>\n\t\t<\/div>\n\t\t\t\t\t\t\t<\/div>\n\t\t<\/section>\n\t\t\t\t\t\t\t<\/div>","protected":false},"excerpt":{"rendered":"<p>Preguntas frecuentes \u00bfCu\u00e1l es la misi\u00f3n de CriptoKapital? Creemos que la innovaci\u00f3n es clave para el desarrollo a largo plazo del mundo y de las empresas. Nuestra misi\u00f3n es la de conseguir una elevada revalorizaci\u00f3n de la inversi\u00f3n en el largo plazo en comparaci\u00f3n con las inversiones m\u00e1s tradicionales a trav\u00e9s de la inversi\u00f3n en [&hellip;]<\/p>","protected":false},"author":1,"featured_media":0,"parent":0,"menu_order":0,"comment_status":"closed","ping_status":"closed","template":"elementor_header_footer","meta":{"footnotes":""},"class_list":["post-293","page","type-page","status-publish","hentry"],"_links":{"self":[{"href":"https:\/\/criptokapital.com\/en\/wp-json\/wp\/v2\/pages\/293","targetHints":{"allow":["GET"]}}],"collection":[{"href":"https:\/\/criptokapital.com\/en\/wp-json\/wp\/v2\/pages"}],"about":[{"href":"https:\/\/criptokapital.com\/en\/wp-json\/wp\/v2\/types\/page"}],"author":[{"embeddable":true,"href":"https:\/\/criptokapital.com\/en\/wp-json\/wp\/v2\/users\/1"}],"replies":[{"embeddable":true,"href":"https:\/\/criptokapital.com\/en\/wp-json\/wp\/v2\/comments?post=293"}],"version-history":[{"count":4,"href":"https:\/\/criptokapital.com\/en\/wp-json\/wp\/v2\/pages\/293\/revisions"}],"predecessor-version":[{"id":298,"href":"https:\/\/criptokapital.com\/en\/wp-json\/wp\/v2\/pages\/293\/revisions\/298"}],"wp:attachment":[{"href":"https:\/\/criptokapital.com\/en\/wp-json\/wp\/v2\/media?parent=293"}],"curies":[{"name":"wp","href":"https:\/\/api.w.org\/{rel}","templated":true}]}}